{"id":406,"date":"2016-09-27T09:51:22","date_gmt":"2016-09-27T09:51:22","guid":{"rendered":"http:\/\/fitness2.mythemecloud.io\/?page_id=406"},"modified":"2022-12-02T01:35:48","modified_gmt":"2022-12-02T01:35:48","slug":"studio","status":"publish","type":"page","link":"http:\/\/www.businessawardsconsulting.com\/index.php\/studio\/","title":{"rendered":"Studio"},"content":{"rendered":"\t\t<div data-elementor-type=\"wp-post\" data-elementor-id=\"406\" class=\"elementor elementor-406\">\n\t\t\t\t\t\t\t\t\t<section class=\"elementor-section elementor-top-section elementor-element elementor-element-ybrx6zd elementor-section-content-middle elementor-section-boxed elementor-section-height-default elementor-section-height-default\" data-id=\"ybrx6zd\" data-element_type=\"section\">\n\t\t\t\t\t\t<div class=\"elementor-container elementor-column-gap-default\">\n\t\t\t\t\t<div class=\"elementor-column elementor-col-50 elementor-top-column elementor-element elementor-element-nm7wyr2\" data-id=\"nm7wyr2\" data-element_type=\"column\">\n\t\t\t<div class=\"elementor-widget-wrap elementor-element-populated\">\n\t\t\t\t\t\t\t\t<div class=\"elementor-element elementor-element-shc2be8 elementor-widget elementor-widget-image\" data-id=\"shc2be8\" data-element_type=\"widget\" data-widget_type=\"image.default\">\n\t\t\t\t<div class=\"elementor-widget-container\">\n\t\t\t<style>\/*! elementor - v3.8.1 - 13-11-2022 *\/\n.elementor-widget-image{text-align:center}.elementor-widget-image a{display:inline-block}.elementor-widget-image a img[src$=\".svg\"]{width:48px}.elementor-widget-image img{vertical-align:middle;display:inline-block}<\/style>\t\t\t\t\t\t\t\t\t\t\t\t<img loading=\"lazy\" decoding=\"async\" width=\"233\" height=\"300\" src=\"http:\/\/www.businessawardsconsulting.com\/wp-content\/uploads\/2022\/12\/business-awards-logo01-233x300-1.png\" class=\"attachment-full size-full\" alt=\"\" \/>\t\t\t\t\t\t\t\t\t\t\t\t\t\t\t<\/div>\n\t\t\t\t<\/div>\n\t\t\t\t\t<\/div>\n\t\t<\/div>\n\t\t\t\t<div class=\"elementor-column elementor-col-50 elementor-top-column elementor-element elementor-element-r7gqrhq\" data-id=\"r7gqrhq\" data-element_type=\"column\">\n\t\t\t<div class=\"elementor-widget-wrap elementor-element-populated\">\n\t\t\t\t\t\t\t\t<div class=\"elementor-element elementor-element-x4fpxui elementor-widget elementor-widget-text-editor\" data-id=\"x4fpxui\" data-element_type=\"widget\" data-widget_type=\"text-editor.default\">\n\t\t\t\t<div class=\"elementor-widget-container\">\n\t\t\t<style>\/*! elementor - v3.8.1 - 13-11-2022 *\/\n.elementor-widget-text-editor.elementor-drop-cap-view-stacked .elementor-drop-cap{background-color:#818a91;color:#fff}.elementor-widget-text-editor.elementor-drop-cap-view-framed .elementor-drop-cap{color:#818a91;border:3px solid;background-color:transparent}.elementor-widget-text-editor:not(.elementor-drop-cap-view-default) .elementor-drop-cap{margin-top:8px}.elementor-widget-text-editor:not(.elementor-drop-cap-view-default) .elementor-drop-cap-letter{width:1em;height:1em}.elementor-widget-text-editor .elementor-drop-cap{float:left;text-align:center;line-height:1;font-size:50px}.elementor-widget-text-editor .elementor-drop-cap-letter{display:inline-block}<\/style>\t\t\t\t<p>Business Awards Consulting (BAC), Kuzey Akademi&#8217;nin 10 y\u0131ll\u0131k \u00f6d\u00fcl dan\u0131\u015fmanl\u0131\u011f\u0131 deneyiminin ard\u0131ndan 2020 y\u0131l\u0131nda ba\u015flatt\u0131\u011f\u0131 i\u015f geli\u015ftirme giri\u015fimi sonucunda olu\u015fturulan bir markad\u0131r.<br \/>BAC, \u015firketlere t\u00fcm operasyonel s\u00fcre\u00e7ler dahil olmak \u00fczere t\u00fcm \u00f6d\u00fcl s\u00fcrecinin stratejisini olu\u015fturmak i\u00e7in 1 y\u0131ll\u0131k stratejik \u00f6d\u00fcl ortakl\u0131\u011f\u0131 anla\u015fmas\u0131 sunan benzersiz ve \u00f6d\u00fcll\u00fc U\u00e7tan Uca Stratejik \u00d6d\u00fcl Dan\u0131\u015fmanl\u0131\u011f\u0131 modeliyle hizmet vermektedir.<\/p><p>B\u00fcy\u00fck deneyimi ve benzersiz i\u015f modeli, %94 giri\u015f ba\u015far\u0131s\u0131 ve %100 m\u00fc\u015fteri ba\u015far\u0131 oran\u0131 ile yakla\u015f\u0131k 450 \u00f6d\u00fcl kazand\u0131rd\u0131.<\/p>\t\t\t\t\t\t<\/div>\n\t\t\t\t<\/div>\n\t\t\t\t\t<\/div>\n\t\t<\/div>\n\t\t\t\t\t\t\t<\/div>\n\t\t<\/section>\n\t\t\t\t<section class=\"elementor-section elementor-top-section elementor-element elementor-element-qod0lr5 elementor-section-boxed elementor-section-height-default elementor-section-height-default\" data-id=\"qod0lr5\" data-element_type=\"section\">\n\t\t\t\t\t\t<div class=\"elementor-container elementor-column-gap-default\">\n\t\t\t\t\t<div class=\"elementor-column elementor-col-100 elementor-top-column elementor-element elementor-element-077q1uq\" data-id=\"077q1uq\" data-element_type=\"column\">\n\t\t\t<div class=\"elementor-widget-wrap elementor-element-populated\">\n\t\t\t\t\t\t\t\t<div class=\"elementor-element elementor-element-ua4lgrm elementor-widget elementor-widget-heading\" data-id=\"ua4lgrm\" data-element_type=\"widget\" data-widget_type=\"heading.default\">\n\t\t\t\t<div class=\"elementor-widget-container\">\n\t\t\t<style>\/*! elementor - v3.8.1 - 13-11-2022 *\/\n.elementor-heading-title{padding:0;margin:0;line-height:1}.elementor-widget-heading .elementor-heading-title[class*=elementor-size-]>a{color:inherit;font-size:inherit;line-height:inherit}.elementor-widget-heading .elementor-heading-title.elementor-size-small{font-size:15px}.elementor-widget-heading .elementor-heading-title.elementor-size-medium{font-size:19px}.elementor-widget-heading .elementor-heading-title.elementor-size-large{font-size:29px}.elementor-widget-heading .elementor-heading-title.elementor-size-xl{font-size:39px}.elementor-widget-heading .elementor-heading-title.elementor-size-xxl{font-size:59px}<\/style><h2 class=\"elementor-heading-title elementor-size-default\">Sizde \u00d6d\u00fcl Kazanmak \u0130stermisiniz?<\/h2>\t\t<\/div>\n\t\t\t\t<\/div>\n\t\t\t\t<div class=\"elementor-element elementor-element-jigf8lk elementor-widget-divider--view-line elementor-widget elementor-widget-divider\" data-id=\"jigf8lk\" data-element_type=\"widget\" data-widget_type=\"divider.default\">\n\t\t\t\t<div class=\"elementor-widget-container\">\n\t\t\t<style>\/*! elementor - v3.8.1 - 13-11-2022 *\/\n.elementor-widget-divider{--divider-border-style:none;--divider-border-width:1px;--divider-color:#2c2c2c;--divider-icon-size:20px;--divider-element-spacing:10px;--divider-pattern-height:24px;--divider-pattern-size:20px;--divider-pattern-url:none;--divider-pattern-repeat:repeat-x}.elementor-widget-divider .elementor-divider{display:-webkit-box;display:-ms-flexbox;display:flex}.elementor-widget-divider .elementor-divider__text{font-size:15px;line-height:1;max-width:95%}.elementor-widget-divider .elementor-divider__element{margin:0 var(--divider-element-spacing);-ms-flex-negative:0;flex-shrink:0}.elementor-widget-divider .elementor-icon{font-size:var(--divider-icon-size)}.elementor-widget-divider .elementor-divider-separator{display:-webkit-box;display:-ms-flexbox;display:flex;margin:0;direction:ltr}.elementor-widget-divider--view-line_icon .elementor-divider-separator,.elementor-widget-divider--view-line_text .elementor-divider-separator{-webkit-box-align:center;-ms-flex-align:center;align-items:center}.elementor-widget-divider--view-line_icon .elementor-divider-separator:after,.elementor-widget-divider--view-line_icon .elementor-divider-separator:before,.elementor-widget-divider--view-line_text .elementor-divider-separator:after,.elementor-widget-divider--view-line_text .elementor-divider-separator:before{display:block;content:\"\";border-bottom:0;-webkit-box-flex:1;-ms-flex-positive:1;flex-grow:1;border-top:var(--divider-border-width) var(--divider-border-style) var(--divider-color)}.elementor-widget-divider--element-align-left .elementor-divider .elementor-divider-separator>.elementor-divider__svg:first-of-type{-webkit-box-flex:0;-ms-flex-positive:0;flex-grow:0;-ms-flex-negative:100;flex-shrink:100}.elementor-widget-divider--element-align-left .elementor-divider-separator:before{content:none}.elementor-widget-divider--element-align-left .elementor-divider__element{margin-left:0}.elementor-widget-divider--element-align-right .elementor-divider .elementor-divider-separator>.elementor-divider__svg:last-of-type{-webkit-box-flex:0;-ms-flex-positive:0;flex-grow:0;-ms-flex-negative:100;flex-shrink:100}.elementor-widget-divider--element-align-right .elementor-divider-separator:after{content:none}.elementor-widget-divider--element-align-right .elementor-divider__element{margin-right:0}.elementor-widget-divider:not(.elementor-widget-divider--view-line_text):not(.elementor-widget-divider--view-line_icon) .elementor-divider-separator{border-top:var(--divider-border-width) var(--divider-border-style) var(--divider-color)}.elementor-widget-divider--separator-type-pattern{--divider-border-style:none}.elementor-widget-divider--separator-type-pattern.elementor-widget-divider--view-line .elementor-divider-separator,.elementor-widget-divider--separator-type-pattern:not(.elementor-widget-divider--view-line) .elementor-divider-separator:after,.elementor-widget-divider--separator-type-pattern:not(.elementor-widget-divider--view-line) .elementor-divider-separator:before,.elementor-widget-divider--separator-type-pattern:not([class*=elementor-widget-divider--view]) .elementor-divider-separator{width:100%;min-height:var(--divider-pattern-height);-webkit-mask-size:var(--divider-pattern-size) 100%;mask-size:var(--divider-pattern-size) 100%;-webkit-mask-repeat:var(--divider-pattern-repeat);mask-repeat:var(--divider-pattern-repeat);background-color:var(--divider-color);-webkit-mask-image:var(--divider-pattern-url);mask-image:var(--divider-pattern-url)}.elementor-widget-divider--no-spacing{--divider-pattern-size:auto}.elementor-widget-divider--bg-round{--divider-pattern-repeat:round}.rtl .elementor-widget-divider .elementor-divider__text{direction:rtl}.e-con-inner>.elementor-widget-divider,.e-con>.elementor-widget-divider{width:var(--container-widget-width,100%)}<\/style>\t\t<div class=\"elementor-divider\">\n\t\t\t<span class=\"elementor-divider-separator\">\n\t\t\t\t\t\t<\/span>\n\t\t<\/div>\n\t\t\t\t<\/div>\n\t\t\t\t<\/div>\n\t\t\t\t<div class=\"elementor-element elementor-element-5mtb8ja elementor-arrows-position-inside elementor-widget elementor-widget-image-carousel\" data-id=\"5mtb8ja\" data-element_type=\"widget\" data-settings=\"{&quot;slides_to_show&quot;:&quot;1&quot;,&quot;navigation&quot;:&quot;arrows&quot;,&quot;autoplay&quot;:&quot;yes&quot;,&quot;pause_on_hover&quot;:&quot;yes&quot;,&quot;pause_on_interaction&quot;:&quot;yes&quot;,&quot;autoplay_speed&quot;:5000,&quot;infinite&quot;:&quot;yes&quot;,&quot;effect&quot;:&quot;slide&quot;,&quot;speed&quot;:500}\" data-widget_type=\"image-carousel.default\">\n\t\t\t\t<div class=\"elementor-widget-container\">\n\t\t\t<style>\/*! elementor - v3.8.1 - 13-11-2022 *\/\n.elementor-widget-image-carousel .swiper-container{position:static}.elementor-widget-image-carousel .swiper-container .swiper-slide figure{line-height:inherit}.elementor-widget-image-carousel .swiper-slide{text-align:center}.elementor-image-carousel-wrapper:not(.swiper-container-initialized) .swiper-slide{max-width:calc(100% \/ var(--e-image-carousel-slides-to-show, 3))}<\/style>\t\t<div class=\"elementor-image-carousel-wrapper swiper-container\" dir=\"ltr\">\n\t\t\t<div class=\"elementor-image-carousel swiper-wrapper\">\n\t\t\t\t\t\t\t\t<div class=\"swiper-slide\"><figure class=\"swiper-slide-inner\"><img decoding=\"async\" class=\"swiper-slide-image\" src=\"http:\/\/www.businessawardsconsulting.com\/wp-content\/uploads\/2022\/12\/Bbackground05.jpg\" alt=\"Bbackground05\" \/><\/figure><\/div><div class=\"swiper-slide\"><figure class=\"swiper-slide-inner\"><img decoding=\"async\" class=\"swiper-slide-image\" src=\"http:\/\/www.businessawardsconsulting.com\/wp-content\/uploads\/2022\/12\/Bbackground07-1080x675-1.jpg\" alt=\"Man holding up a gold trophy cup with abstract shiny background, copy space for text; Shutterstock ID 598641242; Siparis Numarasi: -\" \/><\/figure><\/div><div class=\"swiper-slide\"><figure class=\"swiper-slide-inner\"><img decoding=\"async\" class=\"swiper-slide-image\" src=\"http:\/\/www.businessawardsconsulting.com\/wp-content\/uploads\/2022\/12\/IBA21_Grand_Winner-1-768x835-1.png\" alt=\"IBA21_Grand_Winner-1-768x835\" \/><\/figure><\/div>\t\t\t<\/div>\n\t\t\t\t\t\t\t\t\t\t\t\t\t\t\t\t<div class=\"elementor-swiper-button elementor-swiper-button-prev\">\n\t\t\t\t\t\t<i aria-hidden=\"true\" class=\"eicon-chevron-left\"><\/i>\t\t\t\t\t\t<span class=\"elementor-screen-only\">Previous<\/span>\n\t\t\t\t\t<\/div>\n\t\t\t\t\t<div class=\"elementor-swiper-button elementor-swiper-button-next\">\n\t\t\t\t\t\t<i aria-hidden=\"true\" class=\"eicon-chevron-right\"><\/i>\t\t\t\t\t\t<span class=\"elementor-screen-only\">Next<\/span>\n\t\t\t\t\t<\/div>\n\t\t\t\t\t\t\t\t\t<\/div>\n\t\t\t\t<\/div>\n\t\t\t\t<\/div>\n\t\t\t\t<div class=\"elementor-element elementor-element-i7fhzf9 elementor-widget elementor-widget-text-editor\" data-id=\"i7fhzf9\" data-element_type=\"widget\" data-widget_type=\"text-editor.default\">\n\t\t\t\t<div class=\"elementor-widget-container\">\n\t\t\t\t\t\t\t<p>1) \u0130\u015f \u00f6d\u00fcllerini iyi biliyoruz<\/p><p>Biz sadece dan\u0131\u015fman de\u011filiz ve sadece g\u00fczel kelimeleri bir araya getirebilen ileti\u015fim insanlar\u0131 de\u011filiz. Yarat\u0131c\u0131 yetene\u011fi i\u015f zekas\u0131 ile birle\u015ftiriyoruz ve j\u00fcrilerin genel olarak arad\u0131\u011f\u0131 \u015feyler de dahil olmak \u00fczere \u00e7ok say\u0131da end\u00fcstri ve i\u015f program\u0131 ile a\u015final\u0131\u011f\u0131 birle\u015ftiriyoruz. <br \/>Sizden \u00f6nemli bilgileri alaca\u011f\u0131z ve belirli bir programa haz\u0131r de\u011filseniz veya haz\u0131r olmak i\u00e7in b\u00fcnyenizde belirli i\u015flemleri tamamlaman\u0131z gerekiyorsa size s\u00f6ylemekten \u00e7ekinmeyece\u011fiz.<\/p><p>2) &#8220;Kendiniz veya kurulu\u015funuz hakk\u0131nda&#8221; yazmak zor olabilir.<\/p><p>Bazen konuya \u00e7ok yak\u0131ns\u0131n\u0131zd\u0131r ve sizi \u00f6zel yapan \u015feyin ne oldu\u011funu \u00e7\u0131karmas\u0131 ve ifade etmesi i\u00e7in \u00fc\u00e7\u00fcnc\u00fc bir ki\u015fiye ihtiya\u00e7 duyars\u0131n\u0131z. M\u00fc\u015fterilerimizden ald\u0131\u011f\u0131m\u0131z bir yorum &#8216;Vay can\u0131na! bizi m\u00fckemmel tan\u0131mlad\u0131n!&#8217; \u00c7\u00fcnk\u00fc siz zaten harikas\u0131n\u0131z, ama sizin de buna inanman\u0131z konusunda zekice bir h\u00fcnerimiz var.<\/p><p>3) \u0130\u015finizi y\u00fcr\u00fctmekle \u00e7ok me\u015fgul olabilirsiniz ve bir i\u015f \u00f6d\u00fcl\u00fc sunumu haz\u0131rlamak i\u00e7in yeterli zaman\u0131n\u0131z olmayabilir.<\/p><p>Bu y\u0131l takviminizde ba\u015fka bir yar\u0131 bitmi\u015f uygulaman\u0131z daha var, de\u011fil mi? \u00d6d\u00fclleri yazmay\u0131 veya girmeyi bir kenara b\u0131rak\u0131n, bir i\u015fi y\u00fcr\u00fctmek veya i\u015finizi yapmak i\u00e7in zaman bulmak bile yeterince zor olabilir. \u00d6yleyse b\u0131rak\u0131n bunu sizin i\u00e7in yapal\u0131m ve i\u015fi kesin olarak bitirelim!<\/p><p>4) \u00d6d\u00fcl kazanma \u015fans\u0131n\u0131z\u0131 muhtemelen art\u0131racaks\u0131n\u0131z!<\/p><p>Biz profesyoneliz ve i\u015fi bitiririz. M\u00fc\u015fterilerimizin \u00e7o\u011fu finalist veya kazanan a\u015famalara ula\u015f\u0131r. Zirveye giden yolculu\u011funuzda sizi desteklemek i\u00e7in elimizden geleni yapaca\u011f\u0131z.<\/p>\t\t\t\t\t\t<\/div>\n\t\t\t\t<\/div>\n\t\t\t\t\t<\/div>\n\t\t<\/div>\n\t\t\t\t\t\t\t<\/div>\n\t\t<\/section>\n\t\t\t\t\t\t\t<\/div>\n\t\t","protected":false},"excerpt":{"rendered":"<p>Business Awards Consulting (BAC), Kuzey Akademi&#8217;nin 10 y\u0131ll\u0131k \u00f6d\u00fcl dan\u0131\u015fmanl\u0131\u011f\u0131 deneyiminin ard\u0131ndan 2020 y\u0131l\u0131nda ba\u015flatt\u0131\u011f\u0131 i\u015f geli\u015ftirme giri\u015fimi sonucunda olu\u015fturulan bir markad\u0131r.BAC, \u015firketlere t\u00fcm operasyonel s\u00fcre\u00e7ler dahil olmak \u00fczere t\u00fcm \u00f6d\u00fcl s\u00fcrecinin stratejisini olu\u015fturmak i\u00e7in 1 y\u0131ll\u0131k stratejik \u00f6d\u00fcl ortakl\u0131\u011f\u0131 anla\u015fmas\u0131 sunan benzersiz ve \u00f6d\u00fcll\u00fc U\u00e7tan Uca Stratejik \u00d6d\u00fcl Dan\u0131\u015fmanl\u0131\u011f\u0131 modeliyle hizmet vermektedir. B\u00fcy\u00fck deneyimi [&hellip;]<\/p>\n","protected":false},"author":1,"featured_media":0,"parent":0,"menu_order":0,"comment_status":"closed","ping_status":"closed","template":"","meta":{"footnotes":""},"class_list":["post-406","page","type-page","status-publish","hentry","entry"],"_links":{"self":[{"href":"http:\/\/www.businessawardsconsulting.com\/index.php\/wp-json\/wp\/v2\/pages\/406","targetHints":{"allow":["GET"]}}],"collection":[{"href":"http:\/\/www.businessawardsconsulting.com\/index.php\/wp-json\/wp\/v2\/pages"}],"about":[{"href":"http:\/\/www.businessawardsconsulting.com\/index.php\/wp-json\/wp\/v2\/types\/page"}],"author":[{"embeddable":true,"href":"http:\/\/www.businessawardsconsulting.com\/index.php\/wp-json\/wp\/v2\/users\/1"}],"replies":[{"embeddable":true,"href":"http:\/\/www.businessawardsconsulting.com\/index.php\/wp-json\/wp\/v2\/comments?post=406"}],"version-history":[{"count":3,"href":"http:\/\/www.businessawardsconsulting.com\/index.php\/wp-json\/wp\/v2\/pages\/406\/revisions"}],"predecessor-version":[{"id":1153,"href":"http:\/\/www.businessawardsconsulting.com\/index.php\/wp-json\/wp\/v2\/pages\/406\/revisions\/1153"}],"wp:attachment":[{"href":"http:\/\/www.businessawardsconsulting.com\/index.php\/wp-json\/wp\/v2\/media?parent=406"}],"curies":[{"name":"wp","href":"https:\/\/api.w.org\/{rel}","templated":true}]}}